{"id":13,"date":"2024-05-01T12:55:17","date_gmt":"2024-05-01T15:55:17","guid":{"rendered":"https:\/\/biakaorimi.com\/?page_id=13"},"modified":"2024-09-05T23:34:40","modified_gmt":"2024-09-06T02:34:40","slug":"home","status":"publish","type":"page","link":"https:\/\/biakaorimi.com\/en\/","title":{"rendered":"Bia Kaori Mi"},"content":{"rendered":"<div class=\"wp-block-columns is-layout-flex wp-container-core-columns-is-layout-8a4b3083 wp-block-columns-is-layout-flex\" style=\"margin-top:0;margin-bottom:0;padding-top:0;padding-right:0;padding-bottom:0;padding-left:0\">\n<div class=\"wp-block-column is-layout-flow wp-block-column-is-layout-flow\" style=\"padding-top:0;padding-right:0;padding-bottom:0;padding-left:0\">\n<div class=\"wp-block-group is-layout-constrained wp-block-group-is-layout-constrained\">\n<figure class=\"wp-block-image alignwide size-full is-style-default\"><img loading=\"lazy\" decoding=\"async\" width=\"3007\" height=\"1001\" src=\"http:\/\/biakaorimi.com\/wp-content\/uploads\/2024\/08\/1.png\" alt=\"\" class=\"wp-image-270\" srcset=\"https:\/\/biakaorimi.com\/wp-content\/uploads\/2024\/08\/1.png 3007w, https:\/\/biakaorimi.com\/wp-content\/uploads\/2024\/08\/1-300x100.png 300w, https:\/\/biakaorimi.com\/wp-content\/uploads\/2024\/08\/1-1024x341.png 1024w, https:\/\/biakaorimi.com\/wp-content\/uploads\/2024\/08\/1-768x256.png 768w, https:\/\/biakaorimi.com\/wp-content\/uploads\/2024\/08\/1-1536x511.png 1536w, https:\/\/biakaorimi.com\/wp-content\/uploads\/2024\/08\/1-2048x682.png 2048w, https:\/\/biakaorimi.com\/wp-content\/uploads\/2024\/08\/1-18x6.png 18w\" sizes=\"auto, (max-width: 3007px) 100vw, 3007px\" \/><\/figure>\n<\/div>\n<\/div>\n<\/div>\n\n\n\n<div class=\"wp-block-columns has-white-background-color has-background is-layout-flex wp-container-core-columns-is-layout-11bda0fe wp-block-columns-is-layout-flex\" style=\"padding-right:2rem;padding-left:2rem\">\n<div class=\"wp-block-column is-vertically-aligned-center is-layout-flow wp-block-column-is-layout-flow\" style=\"flex-basis:100%\">\n<p class=\"has-text-align-center has-ast-global-color-8-color has-text-color has-link-color wp-elements-7ef99058421eaa1ed999de2b0efb21be\">Hi! I\u2019m <strong>Bia Kaori<\/strong> <strong>Mi<\/strong>, a researcher and teacher.&nbsp;<br><br>My main topics of study are: <\/p>\n\n\n\n<ul class=\"wp-block-list\">\n<li>Accessibility; <\/li>\n\n\n\n<li>Infrastructure; <\/li>\n\n\n\n<li>Population Aging; <\/li>\n\n\n\n<li>And their impact on society.<\/li>\n<\/ul>\n\n\n\n<div class=\"wp-block-buttons is-content-justification-center is-layout-flex wp-container-core-buttons-is-layout-a89b3969 wp-block-buttons-is-layout-flex\">\n<div class=\"wp-block-button\"><a class=\"wp-block-button__link has-ast-global-color-7-color has-text-color has-link-color has-text-align-center wp-element-button\" href=\"https:\/\/biakaorimi.com\/en\/sobre-mim\/\"><strong>Read More<\/strong><\/a><\/div>\n<\/div>\n<\/div>\n<\/div>\n\n\n\n<div class=\"wp-block-columns is-layout-flex wp-container-core-columns-is-layout-1ec2ec05 wp-block-columns-is-layout-flex\" style=\"margin-top:0;margin-bottom:0;padding-top:0;padding-right:0;padding-bottom:0;padding-left:0\">\n<div class=\"wp-block-column has-background is-layout-flow wp-block-column-is-layout-flow\" style=\"background-color:#ffe4d7\">\n<div style=\"height:60px\" aria-hidden=\"true\" class=\"wp-block-spacer\"><\/div>\n\n\n\n<p class=\"has-text-align-center\" style=\"margin-top:0;margin-right:0;margin-bottom:0;margin-left:0;font-size:2rem\"><strong>Publications, Mentions, Podcasts and Interviews<\/strong><\/p>\n\n\n\n<div style=\"height:20px\" aria-hidden=\"true\" class=\"wp-block-spacer\"><\/div>\n\n\n\n<div class=\"wp-block-buttons is-content-justification-center is-layout-flex wp-container-core-buttons-is-layout-d0189cb2 wp-block-buttons-is-layout-flex\" style=\"margin-top:1rem;margin-bottom:1rem\">\n<div class=\"wp-block-button\"><a class=\"wp-block-button__link has-ast-global-color-7-color has-text-color has-link-color has-text-align-center wp-element-button\" href=\"https:\/\/biakaorimi.com\/en\/na-midia\/\"><strong>Media<\/strong><\/a><\/div>\n<\/div>\n\n\n\n<div style=\"height:20px\" aria-hidden=\"true\" class=\"wp-block-spacer\"><\/div>\n<\/div>\n<\/div>\n\n\n\n<div class=\"wp-block-columns is-layout-flex wp-container-core-columns-is-layout-cf9dd0f5 wp-block-columns-is-layout-flex\" style=\"margin-top:0;margin-bottom:0;padding-top:0;padding-right:0;padding-bottom:0;padding-left:0\">\n<div class=\"wp-block-column has-white-background-color has-background is-layout-flow wp-block-column-is-layout-flow\" style=\"padding-top:0;padding-right:0;padding-bottom:0;padding-left:0\">\n<div style=\"height:60px\" aria-hidden=\"true\" class=\"wp-block-spacer\"><\/div>\n\n\n\n<p class=\"has-text-align-center\" style=\"margin-top:0;margin-right:0;margin-bottom:0;margin-left:0;font-size:2rem\"><strong>Most Recent Blog Posts<\/strong><\/p>\n\n\n\n<div style=\"height:30px\" aria-hidden=\"true\" class=\"wp-block-spacer\"><\/div>\n\n\n<ul style=\"padding-top:0;padding-bottom:0;padding-left:0;padding-right:0;margin-top:0;margin-bottom:0;margin-left:0;margin-right:0;\" class=\"wp-block-latest-posts__list is-grid columns-3 has-dates wp-block-latest-posts\"><li><div class=\"wp-block-latest-posts__featured-image\"><a href=\"https:\/\/biakaorimi.com\/en\/blog\/fdmas\/february-2025-rare-disease-month\/\" aria-label=\"Rare Month Disease\"><img loading=\"lazy\" decoding=\"async\" width=\"1024\" height=\"576\" src=\"https:\/\/biakaorimi.com\/wp-content\/uploads\/2025\/02\/Blog-Headers-1024x576.png\" class=\"attachment-large size-large wp-post-image\" alt=\"Header Rare disease month\" style=\"\" srcset=\"https:\/\/biakaorimi.com\/wp-content\/uploads\/2025\/02\/Blog-Headers-1024x576.png 1024w, https:\/\/biakaorimi.com\/wp-content\/uploads\/2025\/02\/Blog-Headers-300x169.png 300w, https:\/\/biakaorimi.com\/wp-content\/uploads\/2025\/02\/Blog-Headers-768x432.png 768w, https:\/\/biakaorimi.com\/wp-content\/uploads\/2025\/02\/Blog-Headers-1536x864.png 1536w, https:\/\/biakaorimi.com\/wp-content\/uploads\/2025\/02\/Blog-Headers-2048x1152.png 2048w, https:\/\/biakaorimi.com\/wp-content\/uploads\/2025\/02\/Blog-Headers-18x10.png 18w\" sizes=\"auto, (max-width: 1024px) 100vw, 1024px\" \/><\/a><\/div><a class=\"wp-block-latest-posts__post-title\" href=\"https:\/\/biakaorimi.com\/en\/blog\/fdmas\/february-2025-rare-disease-month\/\">Rare Month Disease<\/a><time datetime=\"2025-02-28T18:08:00-03:00\" class=\"wp-block-latest-posts__post-date\">February 28, 2025<\/time><div class=\"wp-block-latest-posts__post-excerpt\">Fevereiro \u00e9 o M\u00eas das Doen\u00e7as Raras! Ok, o que isso tem a ver com voc\u00ea se voc\u00ea n\u00e3o tem uma doen\u00e7a rara? Voc\u00ea ficaria surpreso! \u00c9 bem prov\u00e1vel que\u2026 <a class=\"wp-block-latest-posts__read-more\" href=\"https:\/\/biakaorimi.com\/en\/blog\/fdmas\/february-2025-rare-disease-month\/\" rel=\"noopener noreferrer\">Read more<span class=\"screen-reader-text\">: M\u00eas das Doen\u00e7as Raras<\/span><\/a><\/div><\/li>\n<li><div class=\"wp-block-latest-posts__featured-image\"><a href=\"https:\/\/biakaorimi.com\/en\/blog\/japan\/japan-paralympics-invisible-beings\/\" aria-label=\"Invisible beings: What is life like for people with disabilities in Japan?\"><img loading=\"lazy\" decoding=\"async\" width=\"1024\" height=\"576\" src=\"https:\/\/biakaorimi.com\/wp-content\/uploads\/2024\/11\/Header-Tokyo-paralympics-invisible-beings-1-1024x576.png\" class=\"attachment-large size-large wp-post-image\" alt=\"\" style=\"\" srcset=\"https:\/\/biakaorimi.com\/wp-content\/uploads\/2024\/11\/Header-Tokyo-paralympics-invisible-beings-1-1024x576.png 1024w, https:\/\/biakaorimi.com\/wp-content\/uploads\/2024\/11\/Header-Tokyo-paralympics-invisible-beings-1-300x169.png 300w, https:\/\/biakaorimi.com\/wp-content\/uploads\/2024\/11\/Header-Tokyo-paralympics-invisible-beings-1-768x432.png 768w, https:\/\/biakaorimi.com\/wp-content\/uploads\/2024\/11\/Header-Tokyo-paralympics-invisible-beings-1-1536x864.png 1536w, https:\/\/biakaorimi.com\/wp-content\/uploads\/2024\/11\/Header-Tokyo-paralympics-invisible-beings-1-2048x1152.png 2048w, https:\/\/biakaorimi.com\/wp-content\/uploads\/2024\/11\/Header-Tokyo-paralympics-invisible-beings-1-18x10.png 18w\" sizes=\"auto, (max-width: 1024px) 100vw, 1024px\" \/><\/a><\/div><a class=\"wp-block-latest-posts__post-title\" href=\"https:\/\/biakaorimi.com\/en\/blog\/japan\/japan-paralympics-invisible-beings\/\">Invisible beings: What is life like for people with disabilities in Japan?<\/a><time datetime=\"2024-11-06T02:07:44-03:00\" class=\"wp-block-latest-posts__post-date\">November 6, 2024<\/time><div class=\"wp-block-latest-posts__post-excerpt\">Tokyo won in pretty much everything related to infrastructure\nBut the question remains: is life better in Japan for a person with disabilities compared to France?<\/div><\/li>\n<li><div class=\"wp-block-latest-posts__featured-image\"><a href=\"https:\/\/biakaorimi.com\/en\/blog\/paralimpiadas-elas-importam-e-muito\/\" aria-label=\"Paralympics: They matter, actually (and a lot)!\"><img loading=\"lazy\" decoding=\"async\" width=\"1024\" height=\"576\" src=\"https:\/\/biakaorimi.com\/wp-content\/uploads\/2024\/09\/Header-Paralympics-1024x576.png\" class=\"attachment-large size-large wp-post-image\" alt=\"\" style=\"\" srcset=\"https:\/\/biakaorimi.com\/wp-content\/uploads\/2024\/09\/Header-Paralympics-1024x576.png 1024w, https:\/\/biakaorimi.com\/wp-content\/uploads\/2024\/09\/Header-Paralympics-300x169.png 300w, https:\/\/biakaorimi.com\/wp-content\/uploads\/2024\/09\/Header-Paralympics-768x432.png 768w, https:\/\/biakaorimi.com\/wp-content\/uploads\/2024\/09\/Header-Paralympics-1536x864.png 1536w, https:\/\/biakaorimi.com\/wp-content\/uploads\/2024\/09\/Header-Paralympics-2048x1152.png 2048w, https:\/\/biakaorimi.com\/wp-content\/uploads\/2024\/09\/Header-Paralympics-18x10.png 18w\" sizes=\"auto, (max-width: 1024px) 100vw, 1024px\" \/><\/a><\/div><a class=\"wp-block-latest-posts__post-title\" href=\"https:\/\/biakaorimi.com\/en\/blog\/paralimpiadas-elas-importam-e-muito\/\">Paralympics: They matter, actually (and a lot)!<\/a><time datetime=\"2024-09-12T15:11:26-03:00\" class=\"wp-block-latest-posts__post-date\">September 12, 2024<\/time><div class=\"wp-block-latest-posts__post-excerpt\">\n\nAs Paralimp\u00edadas s\u00e3o a irm\u00e3 esquecida das Olimp\u00edadas. Mais jovem e menos popular, mas com grande import\u00e2ncia: esse evento \u00e9, de fato, um agente de mudan\u00e7a muito maior do que as pr\u00f3prias Olimp\u00edadas. Mas por qu\u00ea? <\/div><\/li>\n<\/ul><\/div>\n<\/div>\n\n\n\n<div class=\"wp-block-columns has-background is-layout-flex wp-container-core-columns-is-layout-63c0096e wp-block-columns-is-layout-flex\" style=\"background-color:#fff6f2;margin-top:0;margin-bottom:0;padding-top:0;padding-right:0;padding-bottom:0;padding-left:0\">\n<div class=\"wp-block-column is-layout-flow wp-block-column-is-layout-flow\" style=\"flex-basis:25%\"><\/div>\n\n\n\n<div class=\"wp-block-column is-layout-flow wp-block-column-is-layout-flow\" style=\"padding-top:0;padding-right:0;padding-bottom:0;padding-left:0;flex-basis:50%\">\n<div style=\"height:60px\" aria-hidden=\"true\" class=\"wp-block-spacer\"><\/div>\n\n\n\n<p class=\"has-text-align-center\" style=\"margin-top:0;margin-right:0;margin-bottom:0;margin-left:0;font-size:2rem\"><strong>Get in Touch:<\/strong><\/p>\n\n\n\n<div class=\"wp-block-contact-form-7-contact-form-selector\">\n<div class=\"wpcf7 no-js\" id=\"wpcf7-f133-o1\" lang=\"en-US\" dir=\"ltr\" data-wpcf7-id=\"133\">\n<div class=\"screen-reader-response\"><p role=\"status\" aria-live=\"polite\" aria-atomic=\"true\"><\/p> <ul><\/ul><\/div>\n<form action=\"\/en\/wp-json\/wp\/v2\/pages\/13#wpcf7-f133-o1\" method=\"post\" class=\"wpcf7-form init\" aria-label=\"Contact form\" novalidate=\"novalidate\" data-status=\"init\" data-trp-original-action=\"\/en\/wp-json\/wp\/v2\/pages\/13#wpcf7-f133-o1\">\n<fieldset class=\"hidden-fields-container\"><input type=\"hidden\" name=\"_wpcf7\" value=\"133\" \/><input type=\"hidden\" name=\"_wpcf7_version\" value=\"6.1.5\" \/><input type=\"hidden\" name=\"_wpcf7_locale\" value=\"en_US\" \/><input type=\"hidden\" name=\"_wpcf7_unit_tag\" value=\"wpcf7-f133-o1\" \/><input type=\"hidden\" name=\"_wpcf7_container_post\" value=\"0\" \/><input type=\"hidden\" name=\"_wpcf7_posted_data_hash\" value=\"\" \/><input type=\"hidden\" name=\"_wpcf7_recaptcha_response\" value=\"\" \/>\n<\/fieldset>\n<div>\n\t<p><label> Name<br \/>\n<span class=\"wpcf7-form-control-wrap\" data-name=\"Nome\"><input size=\"40\" maxlength=\"400\" class=\"wpcf7-form-control wpcf7-text wpcf7-validates-as-required formInput\" aria-required=\"true\" aria-invalid=\"false\" value=\"\" type=\"text\" name=\"Nome\" \/><\/span> <\/label>\n\t<\/p>\n<\/div>\n<div>\n\t<p><label> E-mail<br \/>\n<span class=\"wpcf7-form-control-wrap\" data-name=\"Email\"><input size=\"40\" maxlength=\"400\" class=\"wpcf7-form-control wpcf7-email wpcf7-validates-as-required wpcf7-text wpcf7-validates-as-email formInput\" aria-required=\"true\" aria-invalid=\"false\" value=\"\" type=\"email\" name=\"Email\" \/><\/span> <\/label>\n\t<\/p>\n<\/div>\n<div>\n\t<p><label> Subject<br \/>\n<span class=\"wpcf7-form-control-wrap\" data-name=\"Assunto\"><input size=\"40\" maxlength=\"400\" class=\"wpcf7-form-control wpcf7-text wpcf7-validates-as-required formInput\" aria-required=\"true\" aria-invalid=\"false\" value=\"\" type=\"text\" name=\"Assunto\" \/><\/span> <\/label>\n\t<\/p>\n<\/div>\n<div>\n\t<p><label> Message<br \/>\n<span class=\"wpcf7-form-control-wrap\" data-name=\"Mensagem\"><textarea cols=\"40\" rows=\"10\" maxlength=\"2000\" class=\"wpcf7-form-control wpcf7-textarea wpcf7-validates-as-required formInput\" aria-required=\"true\" aria-invalid=\"false\" name=\"Mensagem\"><\/textarea><\/span> <\/label>\n\t<\/p>\n<\/div>\n<div>\n\t<p><input class=\"wpcf7-form-control wpcf7-submit has-spinner formButton\" type=\"submit\" value=\"SEND\" \/>\n\t<\/p>\n<\/div><div class=\"wpcf7-response-output\" aria-hidden=\"true\"><\/div>\n<input type=\"hidden\" name=\"trp-form-language\" value=\"en\"\/><\/form>\n<\/div>\n<\/div>\n<\/div>\n\n\n\n<div class=\"wp-block-column is-layout-flow wp-block-column-is-layout-flow\" style=\"flex-basis:25%\"><\/div>\n<\/div>","protected":false},"excerpt":{"rendered":"<p>Ol\u00e1! Sou Bia Kaori Mi, pesquisadora e professora.&nbsp; Meus principais t\u00f3picos de estudo s\u00e3o: Publica\u00e7\u00f5es, Men\u00e7\u00f5es, Podcasts e Entrevistas Posts [&hellip;]<\/p>\n","protected":false},"author":1,"featured_media":0,"parent":0,"menu_order":0,"comment_status":"closed","ping_status":"closed","template":"","meta":{"site-sidebar-layout":"default","site-content-layout":"","ast-site-content-layout":"default","site-content-style":"default","site-sidebar-style":"default","ast-global-header-display":"","ast-banner-title-visibility":"","ast-main-header-display":"","ast-hfb-above-header-display":"","ast-hfb-below-header-display":"","ast-hfb-mobile-header-display":"","site-post-title":"disabled","ast-breadcrumbs-content":"","ast-featured-img":"","footer-sml-layout":"","ast-disable-related-posts":"","theme-transparent-header-meta":"","adv-header-id-meta":"","stick-header-meta":"","header-above-stick-meta":"","header-main-stick-meta":"","header-below-stick-meta":"","astra-migrate-meta-layouts":"default","ast-page-background-enabled":"default","ast-page-background-meta":{"desktop":{"background-color":"var(--ast-global-color-4)","background-image":"","background-repeat":"repeat","background-position":"center center","background-size":"auto","background-attachment":"scroll","background-type":"","background-media":"","overlay-type":"","overlay-color":"","overlay-opacity":"","overlay-gradient":""},"tablet":{"background-color":"","background-image":"","background-repeat":"repeat","background-position":"center center","background-size":"auto","background-attachment":"scroll","background-type":"","background-media":"","overlay-type":"","overlay-color":"","overlay-opacity":"","overlay-gradient":""},"mobile":{"background-color":"","background-image":"","background-repeat":"repeat","background-position":"center center","background-size":"auto","background-attachment":"scroll","background-type":"","background-media":"","overlay-type":"","overlay-color":"","overlay-opacity":"","overlay-gradient":""}},"ast-content-background-meta":{"desktop":{"background-color":"var(--ast-global-color-5)","background-image":"","background-repeat":"repeat","background-position":"center center","background-size":"auto","background-attachment":"scroll","background-type":"","background-media":"","overlay-type":"","overlay-color":"","overlay-opacity":"","overlay-gradient":""},"tablet":{"background-color":"var(--ast-global-color-5)","background-image":"","background-repeat":"repeat","background-position":"center center","background-size":"auto","background-attachment":"scroll","background-type":"","background-media":"","overlay-type":"","overlay-color":"","overlay-opacity":"","overlay-gradient":""},"mobile":{"background-color":"var(--ast-global-color-5)","background-image":"","background-repeat":"repeat","background-position":"center center","background-size":"auto","background-attachment":"scroll","background-type":"","background-media":"","overlay-type":"","overlay-color":"","overlay-opacity":"","overlay-gradient":""}},"footnotes":""},"class_list":["post-13","page","type-page","status-publish","hentry"],"yoast_head":"<!-- This site is optimized with the Yoast SEO plugin v27.5 - https:\/\/yoast.com\/product\/yoast-seo-wordpress\/ -->\n<title>Bia Kaori Mi - Bia Kaori Mi<\/title>\n<meta name=\"robots\" content=\"index, follow, max-snippet:-1, max-image-preview:large, max-video-preview:-1\" \/>\n<link rel=\"canonical\" href=\"https:\/\/biakaorimi.com\/en\/\" \/>\n<meta property=\"og:locale\" content=\"en_US\" \/>\n<meta property=\"og:type\" content=\"article\" \/>\n<meta property=\"og:title\" content=\"Bia Kaori Mi - Bia Kaori Mi\" \/>\n<meta property=\"og:description\" content=\"Ol\u00e1! Sou Bia Kaori Mi, pesquisadora e professora.&nbsp; Meus principais t\u00f3picos de estudo s\u00e3o: Publica\u00e7\u00f5es, Men\u00e7\u00f5es, Podcasts e Entrevistas Posts [&hellip;]\" \/>\n<meta property=\"og:url\" content=\"https:\/\/biakaorimi.com\/en\/\" \/>\n<meta property=\"og:site_name\" content=\"Bia Kaori Mi\" \/>\n<meta property=\"article:modified_time\" content=\"2024-09-06T02:34:40+00:00\" \/>\n<meta property=\"og:image\" content=\"http:\/\/biakaorimi.com\/wp-content\/uploads\/2024\/08\/1.png\" \/>\n<meta name=\"twitter:card\" content=\"summary_large_image\" \/>\n<meta name=\"twitter:label1\" content=\"Est. reading time\" \/>\n\t<meta name=\"twitter:data1\" content=\"1 minute\" \/>\n<script type=\"application\/ld+json\" class=\"yoast-schema-graph\">{\"@context\":\"https:\\\/\\\/schema.org\",\"@graph\":[{\"@type\":\"WebPage\",\"@id\":\"https:\\\/\\\/biakaorimi.com\\\/\",\"url\":\"https:\\\/\\\/biakaorimi.com\\\/\",\"name\":\"Bia Kaori Mi - Bia Kaori Mi\",\"isPartOf\":{\"@id\":\"https:\\\/\\\/biakaorimi.com\\\/#website\"},\"primaryImageOfPage\":{\"@id\":\"https:\\\/\\\/biakaorimi.com\\\/#primaryimage\"},\"image\":{\"@id\":\"https:\\\/\\\/biakaorimi.com\\\/#primaryimage\"},\"thumbnailUrl\":\"http:\\\/\\\/biakaorimi.com\\\/wp-content\\\/uploads\\\/2024\\\/08\\\/1.png\",\"datePublished\":\"2024-05-01T15:55:17+00:00\",\"dateModified\":\"2024-09-06T02:34:40+00:00\",\"breadcrumb\":{\"@id\":\"https:\\\/\\\/biakaorimi.com\\\/#breadcrumb\"},\"inLanguage\":\"en-US\",\"potentialAction\":[{\"@type\":\"ReadAction\",\"target\":[\"https:\\\/\\\/biakaorimi.com\\\/\"]}]},{\"@type\":\"ImageObject\",\"inLanguage\":\"en-US\",\"@id\":\"https:\\\/\\\/biakaorimi.com\\\/#primaryimage\",\"url\":\"http:\\\/\\\/biakaorimi.com\\\/wp-content\\\/uploads\\\/2024\\\/08\\\/1.png\",\"contentUrl\":\"http:\\\/\\\/biakaorimi.com\\\/wp-content\\\/uploads\\\/2024\\\/08\\\/1.png\"},{\"@type\":\"BreadcrumbList\",\"@id\":\"https:\\\/\\\/biakaorimi.com\\\/#breadcrumb\",\"itemListElement\":[{\"@type\":\"ListItem\",\"position\":1,\"name\":\"Home\",\"item\":\"https:\\\/\\\/biakaorimi.com\\\/\"},{\"@type\":\"ListItem\",\"position\":2,\"name\":\"Bia Kaori Mi\"}]},{\"@type\":\"WebSite\",\"@id\":\"https:\\\/\\\/biakaorimi.com\\\/#website\",\"url\":\"https:\\\/\\\/biakaorimi.com\\\/\",\"name\":\"Bia Kaori Mi\",\"description\":\"Professora e Pesquisadora | Acessibilidade, Infraestrutura e Envelhecimento Populacional\",\"publisher\":{\"@id\":\"https:\\\/\\\/biakaorimi.com\\\/#organization\"},\"potentialAction\":[{\"@type\":\"SearchAction\",\"target\":{\"@type\":\"EntryPoint\",\"urlTemplate\":\"https:\\\/\\\/biakaorimi.com\\\/?s={search_term_string}\"},\"query-input\":{\"@type\":\"PropertyValueSpecification\",\"valueRequired\":true,\"valueName\":\"search_term_string\"}}],\"inLanguage\":\"en-US\"},{\"@type\":\"Organization\",\"@id\":\"https:\\\/\\\/biakaorimi.com\\\/#organization\",\"name\":\"Bia Kaori Mi\",\"url\":\"https:\\\/\\\/biakaorimi.com\\\/\",\"logo\":{\"@type\":\"ImageObject\",\"inLanguage\":\"en-US\",\"@id\":\"https:\\\/\\\/biakaorimi.com\\\/#\\\/schema\\\/logo\\\/image\\\/\",\"url\":\"https:\\\/\\\/biakaorimi.com\\\/wp-content\\\/uploads\\\/2024\\\/04\\\/Logo-provisorio-Editado.jpg\",\"contentUrl\":\"https:\\\/\\\/biakaorimi.com\\\/wp-content\\\/uploads\\\/2024\\\/04\\\/Logo-provisorio-Editado.jpg\",\"width\":444,\"height\":263,\"caption\":\"Bia Kaori Mi\"},\"image\":{\"@id\":\"https:\\\/\\\/biakaorimi.com\\\/#\\\/schema\\\/logo\\\/image\\\/\"}}]}<\/script>\n<!-- \/ Yoast SEO plugin. -->","yoast_head_json":{"title":"Bia Kaori Mi - Bia Kaori Mi","robots":{"index":"index","follow":"follow","max-snippet":"max-snippet:-1","max-image-preview":"max-image-preview:large","max-video-preview":"max-video-preview:-1"},"canonical":"https:\/\/biakaorimi.com\/en\/","og_locale":"en_US","og_type":"article","og_title":"Bia Kaori Mi - Bia Kaori Mi","og_description":"Ol\u00e1! Sou Bia Kaori Mi, pesquisadora e professora.&nbsp; Meus principais t\u00f3picos de estudo s\u00e3o: Publica\u00e7\u00f5es, Men\u00e7\u00f5es, Podcasts e Entrevistas Posts [&hellip;]","og_url":"https:\/\/biakaorimi.com\/en\/","og_site_name":"Bia Kaori Mi","article_modified_time":"2024-09-06T02:34:40+00:00","og_image":[{"url":"http:\/\/biakaorimi.com\/wp-content\/uploads\/2024\/08\/1.png","type":"","width":"","height":""}],"twitter_card":"summary_large_image","twitter_misc":{"Est. reading time":"1 minute"},"schema":{"@context":"https:\/\/schema.org","@graph":[{"@type":"WebPage","@id":"https:\/\/biakaorimi.com\/","url":"https:\/\/biakaorimi.com\/","name":"Bia Kaori Mi - Bia Kaori Mi","isPartOf":{"@id":"https:\/\/biakaorimi.com\/#website"},"primaryImageOfPage":{"@id":"https:\/\/biakaorimi.com\/#primaryimage"},"image":{"@id":"https:\/\/biakaorimi.com\/#primaryimage"},"thumbnailUrl":"http:\/\/biakaorimi.com\/wp-content\/uploads\/2024\/08\/1.png","datePublished":"2024-05-01T15:55:17+00:00","dateModified":"2024-09-06T02:34:40+00:00","breadcrumb":{"@id":"https:\/\/biakaorimi.com\/#breadcrumb"},"inLanguage":"en-US","potentialAction":[{"@type":"ReadAction","target":["https:\/\/biakaorimi.com\/"]}]},{"@type":"ImageObject","inLanguage":"en-US","@id":"https:\/\/biakaorimi.com\/#primaryimage","url":"http:\/\/biakaorimi.com\/wp-content\/uploads\/2024\/08\/1.png","contentUrl":"http:\/\/biakaorimi.com\/wp-content\/uploads\/2024\/08\/1.png"},{"@type":"BreadcrumbList","@id":"https:\/\/biakaorimi.com\/#breadcrumb","itemListElement":[{"@type":"ListItem","position":1,"name":"Home","item":"https:\/\/biakaorimi.com\/"},{"@type":"ListItem","position":2,"name":"Bia Kaori Mi"}]},{"@type":"WebSite","@id":"https:\/\/biakaorimi.com\/#website","url":"https:\/\/biakaorimi.com\/","name":"Bia Kaori Mi","description":"Professora e Pesquisadora | Acessibilidade, Infraestrutura e Envelhecimento Populacional","publisher":{"@id":"https:\/\/biakaorimi.com\/#organization"},"potentialAction":[{"@type":"SearchAction","target":{"@type":"EntryPoint","urlTemplate":"https:\/\/biakaorimi.com\/?s={search_term_string}"},"query-input":{"@type":"PropertyValueSpecification","valueRequired":true,"valueName":"search_term_string"}}],"inLanguage":"en-US"},{"@type":"Organization","@id":"https:\/\/biakaorimi.com\/#organization","name":"Bia Kaori Mi","url":"https:\/\/biakaorimi.com\/","logo":{"@type":"ImageObject","inLanguage":"en-US","@id":"https:\/\/biakaorimi.com\/#\/schema\/logo\/image\/","url":"https:\/\/biakaorimi.com\/wp-content\/uploads\/2024\/04\/Logo-provisorio-Editado.jpg","contentUrl":"https:\/\/biakaorimi.com\/wp-content\/uploads\/2024\/04\/Logo-provisorio-Editado.jpg","width":444,"height":263,"caption":"Bia Kaori Mi"},"image":{"@id":"https:\/\/biakaorimi.com\/#\/schema\/logo\/image\/"}}]}},"_links":{"self":[{"href":"https:\/\/biakaorimi.com\/en\/wp-json\/wp\/v2\/pages\/13","targetHints":{"allow":["GET"]}}],"collection":[{"href":"https:\/\/biakaorimi.com\/en\/wp-json\/wp\/v2\/pages"}],"about":[{"href":"https:\/\/biakaorimi.com\/en\/wp-json\/wp\/v2\/types\/page"}],"author":[{"embeddable":true,"href":"https:\/\/biakaorimi.com\/en\/wp-json\/wp\/v2\/users\/1"}],"replies":[{"embeddable":true,"href":"https:\/\/biakaorimi.com\/en\/wp-json\/wp\/v2\/comments?post=13"}],"version-history":[{"count":50,"href":"https:\/\/biakaorimi.com\/en\/wp-json\/wp\/v2\/pages\/13\/revisions"}],"predecessor-version":[{"id":272,"href":"https:\/\/biakaorimi.com\/en\/wp-json\/wp\/v2\/pages\/13\/revisions\/272"}],"wp:attachment":[{"href":"https:\/\/biakaorimi.com\/en\/wp-json\/wp\/v2\/media?parent=13"}],"curies":[{"name":"wp","href":"https:\/\/api.w.org\/{rel}","templated":true}]}}